{"id":1371,"date":"2010-12-15T07:41:55","date_gmt":"2010-12-15T06:41:55","guid":{"rendered":"http:\/\/www.jmoyano.com\/blog\/"},"modified":"2010-12-15T07:41:55","modified_gmt":"2010-12-15T06:41:55","slug":"privatizacion-servicios-cementerio","status":"publish","type":"page","link":"http:\/\/www.jmoyano.com\/blog\/privatizacion-servicios-cementerio\/","title":{"rendered":"Privatizaci\u00f3n servicios cementerio"},"content":{"rendered":"<p>A petici\u00f3n de un lector\u00a0 los enlaces los documentos de la privatizaci\u00f3n de los servicios del Cementerio Municipal que incluye, entre otros, la construcci\u00f3n de un Tanatorio Municipal de gesti\u00f3n y construcci\u00f3n privada:<\/p>\n<p><strong>DEL PROYECTO DE CONSTRUCCI\u00d3N DEL TANATORIO MUNICIPAL:<\/strong><\/p>\n<ul>\n<li><a href=\"http:\/\/www.jmoyano.com\/blog\/wp-content\/uploads\/2010\/12\/Situaci\u00f3n-del-tanatorio.pdf\" target=\"_blank\">Situaci\u00f3n del Tanatorio Municipal<\/a><\/li>\n<\/ul>\n<ul>\n<li><a href=\"http:\/\/www.jmoyano.com\/blog\/wp-content\/uploads\/2010\/12\/Plano-general-tanatorio.pdf\" target=\"_blank\">Plano General del Proyecto de Tanatorio Municipal<\/a><\/li>\n<\/ul>\n<ul>\n<li>Marzo 2010: <a href=\"..\/wp-content\/uploads\/2010\/12\/20100300-Proyecto-Tanatorio-con-presupuesto.pdf\" target=\"_blank\">Proyecto Tanatorio Municipal con presupuesto<\/a><\/li>\n<\/ul>\n<ul>\n<li> 12\/03\/2009: <a title=\"Concurso Construcci\u00f3n Tanatoiro\" href=\"ttp:\/\/www.jmoyano.com\/blog\/wp-content\/uploads\/2010\/12\/20090312-Concurso-Tanatorio.pdf\" target=\"_blank\">Concurso de Construcci\u00f3n Tanatorio Municipal<\/a><\/li>\n<\/ul>\n<p><strong>DE LA PRIVATIZACI\u00d3N DE LOS SERVICIOS DEL CEMENTERIO &#8211; TANATORIO MUNICIPAL<\/strong><\/p>\n<ul>\n<li>26\/11\/2010: <a href=\"http:\/\/www.jmoyano.com\/blog\/wp-content\/uploads\/2010\/12\/20101126-Certificado-acuerdo-concurso.pdf\" target=\"_blank\">Certificado de Acuerdo de Concurso<\/a><\/li>\n<\/ul>\n<ul>\n<li>26\/11\/2010: <a href=\"http:\/\/www.jmoyano.com\/blog\/wp-content\/uploads\/2010\/12\/20101126-Cla\u00fasulas-t\u00e9cnica.pdf\" target=\"_blank\">Cl\u00e1usulas T\u00e9cnicas del Concurso<\/a><\/li>\n<\/ul>\n<ul>\n<li>26\/11\/2010: <a href=\"http:\/\/www.jmoyano.com\/blog\/wp-content\/uploads\/2010\/12\/20101126-Cla\u00fasulas-administrativas.pdf\" target=\"_blank\">Cl\u00e1usulas Administrativas del Concurso<\/a><\/li>\n<\/ul>\n<ul>\n<li>29\/11\/2010: <a href=\"http:\/\/www.jmoyano.com\/blog\/wp-content\/uploads\/2010\/12\/20101129-Anuncio-de-licitaci\u00f3n.pdf\" target=\"_blank\">Anuncio de Licitaci\u00f3n<\/a><\/li>\n<\/ul>\n","protected":false},"excerpt":{"rendered":"<p>A petici\u00f3n de un lector\u00a0 los enlaces los documentos de la privatizaci\u00f3n de los servicios del Cementerio Municipal que incluye, entre otros, la construcci\u00f3n de un Tanatorio Municipal de gesti\u00f3n y construcci\u00f3n privada: DEL PROYECTO DE CONSTRUCCI\u00d3N DEL TANATORIO MUNICIPAL: Situaci\u00f3n del Tanatorio Municipal Plano General del Proyecto de Tanatorio Municipal Marzo 2010: Proyecto Tanatorio [&hellip;]<\/p>\n","protected":false},"author":1,"featured_media":0,"parent":0,"menu_order":0,"comment_status":"open","ping_status":"open","template":"","meta":{"footnotes":""},"class_list":["post-1371","page","type-page","status-publish","hentry"],"_links":{"self":[{"href":"http:\/\/www.jmoyano.com\/blog\/wp-json\/wp\/v2\/pages\/1371","targetHints":{"allow":["GET"]}}],"collection":[{"href":"http:\/\/www.jmoyano.com\/blog\/wp-json\/wp\/v2\/pages"}],"about":[{"href":"http:\/\/www.jmoyano.com\/blog\/wp-json\/wp\/v2\/types\/page"}],"author":[{"embeddable":true,"href":"http:\/\/www.jmoyano.com\/blog\/wp-json\/wp\/v2\/users\/1"}],"replies":[{"embeddable":true,"href":"http:\/\/www.jmoyano.com\/blog\/wp-json\/wp\/v2\/comments?post=1371"}],"version-history":[{"count":3,"href":"http:\/\/www.jmoyano.com\/blog\/wp-json\/wp\/v2\/pages\/1371\/revisions"}],"predecessor-version":[{"id":1809,"href":"http:\/\/www.jmoyano.com\/blog\/wp-json\/wp\/v2\/pages\/1371\/revisions\/1809"}],"wp:attachment":[{"href":"http:\/\/www.jmoyano.com\/blog\/wp-json\/wp\/v2\/media?parent=1371"}],"curies":[{"name":"wp","href":"https:\/\/api.w.org\/{rel}","templated":true}]}}