{"id":195,"date":"2010-03-24T14:10:53","date_gmt":"2010-03-24T12:10:53","guid":{"rendered":"http:\/\/www.jmoyano.com\/blog\/?page_id=195"},"modified":"2010-09-05T21:27:23","modified_gmt":"2010-09-05T19:27:23","slug":"algunas-cuentas-del-ayuntamiento-de-alfafar","status":"publish","type":"page","link":"http:\/\/www.jmoyano.com\/blog\/algunas-cuentas-del-ayuntamiento-de-alfafar\/","title":{"rendered":"La ruina del Polideportivo"},"content":{"rendered":"<ul>\n<li><a href=\"http:\/\/www.jmoyano.com\/blog\/alfafar-oscuro\/20100218-certificado-parcial\/\" target=\"_blank\">Lo que nos costar\u00e1 el polideportivo los pr\u00f3ximos a\u00f1os (Feb 2010)<\/a><a rel=\"attachment wp-att-141\" href=\"http:\/\/www.jmoyano.com\/blog\/algunas-cuentas-del-ayuntamiento-de-alfafar\/20100218-lo-que-debemos-del-polideportivo\/\"><img loading=\"lazy\" decoding=\"async\" class=\"aligncenter size-full wp-image-141\" title=\"20100218 Lo que debemos del polideportivo\" src=\"http:\/\/www.jmoyano.com\/blog\/wp-content\/uploads\/2010\/03\/20100218-Lo-que-debemos-del-polideportivo.png\" alt=\"\" width=\"674\" height=\"143\" srcset=\"http:\/\/www.jmoyano.com\/blog\/wp-content\/uploads\/2010\/03\/20100218-Lo-que-debemos-del-polideportivo.png 843w, http:\/\/www.jmoyano.com\/blog\/wp-content\/uploads\/2010\/03\/20100218-Lo-que-debemos-del-polideportivo-300x63.png 300w\" sizes=\"auto, (max-width: 674px) 100vw, 674px\" \/><\/a>Actualizaci\u00f3n 05\/09\/2010<\/li>\n<li>Como no estaba sumado me permito colocar el total:<\/li>\n<\/ul>\n<p><!--   \t\tBODY,DIV,TABLE,THEAD,TBODY,TFOOT,TR,TH,TD,P { font-family:\"Arial\"; font-size:x-small } --><\/p>\n<table style=\"height: 56px;\" border=\"0\" cellspacing=\"0\" width=\"286\" frame=\"VOID\" rules=\"NONE\">\n<colgroup>\n<col width=\"126\"><\/col>\n<\/colgroup>\n<tbody>\n<tr>\n<td style=\"text-align: center;\" width=\"126\" height=\"17\">\n<h2>18.463.114,44 \u20ac<\/h2>\n<\/td>\n<\/tr>\n<\/tbody>\n<\/table>\n","protected":false},"excerpt":{"rendered":"<p>Lo que nos costar\u00e1 el polideportivo los pr\u00f3ximos a\u00f1os (Feb 2010)Actualizaci\u00f3n 05\/09\/2010 Como no estaba sumado me permito colocar el total: 18.463.114,44 \u20ac<\/p>\n","protected":false},"author":1,"featured_media":0,"parent":0,"menu_order":2,"comment_status":"open","ping_status":"closed","template":"","meta":{"footnotes":""},"class_list":["post-195","page","type-page","status-publish","hentry"],"_links":{"self":[{"href":"http:\/\/www.jmoyano.com\/blog\/wp-json\/wp\/v2\/pages\/195","targetHints":{"allow":["GET"]}}],"collection":[{"href":"http:\/\/www.jmoyano.com\/blog\/wp-json\/wp\/v2\/pages"}],"about":[{"href":"http:\/\/www.jmoyano.com\/blog\/wp-json\/wp\/v2\/types\/page"}],"author":[{"embeddable":true,"href":"http:\/\/www.jmoyano.com\/blog\/wp-json\/wp\/v2\/users\/1"}],"replies":[{"embeddable":true,"href":"http:\/\/www.jmoyano.com\/blog\/wp-json\/wp\/v2\/comments?post=195"}],"version-history":[{"count":41,"href":"http:\/\/www.jmoyano.com\/blog\/wp-json\/wp\/v2\/pages\/195\/revisions"}],"predecessor-version":[{"id":1147,"href":"http:\/\/www.jmoyano.com\/blog\/wp-json\/wp\/v2\/pages\/195\/revisions\/1147"}],"wp:attachment":[{"href":"http:\/\/www.jmoyano.com\/blog\/wp-json\/wp\/v2\/media?parent=195"}],"curies":[{"name":"wp","href":"https:\/\/api.w.org\/{rel}","templated":true}]}}