{"id":334,"date":"2010-03-27T23:03:53","date_gmt":"2010-03-27T21:03:53","guid":{"rendered":"http:\/\/www.jmoyano.com\/blog\/?page_id=334"},"modified":"2010-08-21T22:11:45","modified_gmt":"2010-08-21T20:11:45","slug":"la-oscuridad-de-las-concesiones","status":"publish","type":"page","link":"https:\/\/www.jmoyano.com\/blog\/la-oscuridad-de-las-concesiones\/","title":{"rendered":"La oscuridad de una contrataci\u00f3n"},"content":{"rendered":"<p><strong>Marzo 2010<\/strong><\/p>\n<p>Un tema que merece la intervenci\u00f3n del alg\u00fan fiscal<\/p>\n<ul>\n<li><a href=\"http:\/\/www.jmoyano.com\/blog\/wp-content\/uploads\/2010\/03\/Servicios-Urban\u00edsticos.pdf\" target=\"_blank\">La oscura concesi\u00f3n a Servicios Urban\u00edstico Obras y Log\u00edstica S.L.<\/a><\/li>\n<\/ul>\n<p><strong>Agosto 2010<\/strong><\/p>\n<ul>\n<li><a href=\"http:\/\/www.jmoyano.com\/blog\/wp-content\/uploads\/2010\/03\/informe_financiero-2009-para-blog.pdf\" target=\"_blank\">Informe financiero 2009 de Servicios Urban\u00edsticos Obras y Log\u00edstica<\/a> Como una empresa reci\u00e9n creada se forra en el primer a\u00f1o de vida en gran parte por un contrato con el Ayuntamiento de Alfafar.<\/li>\n<\/ul>\n","protected":false},"excerpt":{"rendered":"<p>Marzo 2010 Un tema que merece la intervenci\u00f3n del alg\u00fan fiscal La oscura concesi\u00f3n a Servicios Urban\u00edstico Obras y Log\u00edstica S.L. Agosto 2010 Informe financiero 2009 de Servicios Urban\u00edsticos Obras y Log\u00edstica Como una empresa reci\u00e9n creada se forra en el primer a\u00f1o de vida en gran parte por un contrato con el Ayuntamiento de [&hellip;]<\/p>\n","protected":false},"author":1,"featured_media":0,"parent":0,"menu_order":4,"comment_status":"open","ping_status":"closed","template":"","meta":{"footnotes":""},"class_list":["post-334","page","type-page","status-publish","hentry"],"_links":{"self":[{"href":"https:\/\/www.jmoyano.com\/blog\/wp-json\/wp\/v2\/pages\/334","targetHints":{"allow":["GET"]}}],"collection":[{"href":"https:\/\/www.jmoyano.com\/blog\/wp-json\/wp\/v2\/pages"}],"about":[{"href":"https:\/\/www.jmoyano.com\/blog\/wp-json\/wp\/v2\/types\/page"}],"author":[{"embeddable":true,"href":"https:\/\/www.jmoyano.com\/blog\/wp-json\/wp\/v2\/users\/1"}],"replies":[{"embeddable":true,"href":"https:\/\/www.jmoyano.com\/blog\/wp-json\/wp\/v2\/comments?post=334"}],"version-history":[{"count":22,"href":"https:\/\/www.jmoyano.com\/blog\/wp-json\/wp\/v2\/pages\/334\/revisions"}],"predecessor-version":[{"id":1117,"href":"https:\/\/www.jmoyano.com\/blog\/wp-json\/wp\/v2\/pages\/334\/revisions\/1117"}],"wp:attachment":[{"href":"https:\/\/www.jmoyano.com\/blog\/wp-json\/wp\/v2\/media?parent=334"}],"curies":[{"name":"wp","href":"https:\/\/api.w.org\/{rel}","templated":true}]}}